{"id":34,"date":"2019-01-21T14:46:31","date_gmt":"2019-01-21T14:46:31","guid":{"rendered":"http:\/\/ferienhaus-dicke-hecke.de\/?page_id=34"},"modified":"2019-01-24T10:06:16","modified_gmt":"2019-01-24T10:06:16","slug":"umgebung","status":"publish","type":"page","link":"https:\/\/ferienhaus-vaupel.de\/?page_id=34","title":{"rendered":"Lage"},"content":{"rendered":"\n<p>Altenb\u00f6dingen liegt auf der ersten Anh\u00f6he, wenn man von Hennef kommt.<br>Hennef ist 5 Minuten mit dem Auto entfernt, Bonn ca. 15 und K\u00f6ln gute 30 Minuten.<br>Gegen\u00fcber des Hauses befindet sich die Bushaltestelle. Auch wenn damit grunds\u00e4tzlich Mobilit\u00e4t gesichert erscheint, ist es im Alltag sicher praktisch, ein Auto zur Verf\u00fcgung zu haben. Auf dem Grundst\u00fcck hinter dem Tor ist viel Platz zum Parken.<\/p>\n\n\n\n<iframe loading=\"lazy\" src=\"https:\/\/www.google.com\/maps\/embed?pb=!1m18!1m12!1m3!1d5045.357414618071!2d7.327792849455318!3d50.7815292676873!2m3!1f0!2f0!3f0!3m2!1i1024!2i768!4f13.1!3m3!1m2!1s0x47bee9d5fd13bbaf%3A0x28cab29326be4302!2sAltenb%C3%B6dingen%2C+53773+Hennef+(Sieg)!5e0!3m2!1sde!2sde!4v1548322545803\" width=\"600\" height=\"450\" frameborder=\"0\" style=\"border:0\" allowfullscreen=\"\"><\/iframe>\n\n\n\n<ul class=\"wp-block-gallery columns-1 is-cropped wp-block-gallery-1 is-layout-flex wp-block-gallery-is-layout-flex\"><li class=\"blocks-gallery-item\"><figure><img loading=\"lazy\" decoding=\"async\" width=\"1024\" height=\"683\" src=\"http:\/\/ferienhaus-dicke-hecke.de\/wp-content\/uploads\/2019\/01\/hausfotos-1-10-1024x683.jpg\" alt=\"\" data-id=\"190\" data-link=\"http:\/\/ferienhaus-dicke-hecke.de\/?attachment_id=190\" class=\"wp-image-190\" srcset=\"https:\/\/ferienhaus-vaupel.de\/wp-content\/uploads\/2019\/01\/hausfotos-1-10-1024x683.jpg 1024w, https:\/\/ferienhaus-vaupel.de\/wp-content\/uploads\/2019\/01\/hausfotos-1-10-300x200.jpg 300w, https:\/\/ferienhaus-vaupel.de\/wp-content\/uploads\/2019\/01\/hausfotos-1-10-768x512.jpg 768w, https:\/\/ferienhaus-vaupel.de\/wp-content\/uploads\/2019\/01\/hausfotos-1-10.jpg 1200w\" sizes=\"auto, (max-width: 767px) 89vw, (max-width: 1000px) 54vw, (max-width: 1071px) 543px, 580px\" \/><figcaption>Am Driesch<\/figcaption><\/figure><\/li><li class=\"blocks-gallery-item\"><figure><img loading=\"lazy\" decoding=\"async\" width=\"1024\" height=\"683\" src=\"http:\/\/ferienhaus-dicke-hecke.de\/wp-content\/uploads\/2019\/01\/hausfotos-2-7-1024x683.jpg\" alt=\"\" data-id=\"197\" data-link=\"http:\/\/ferienhaus-dicke-hecke.de\/?attachment_id=197\" class=\"wp-image-197\" srcset=\"https:\/\/ferienhaus-vaupel.de\/wp-content\/uploads\/2019\/01\/hausfotos-2-7-1024x683.jpg 1024w, https:\/\/ferienhaus-vaupel.de\/wp-content\/uploads\/2019\/01\/hausfotos-2-7-300x200.jpg 300w, https:\/\/ferienhaus-vaupel.de\/wp-content\/uploads\/2019\/01\/hausfotos-2-7-768x512.jpg 768w, https:\/\/ferienhaus-vaupel.de\/wp-content\/uploads\/2019\/01\/hausfotos-2-7.jpg 1200w\" sizes=\"auto, (max-width: 767px) 89vw, (max-width: 1000px) 54vw, (max-width: 1071px) 543px, 580px\" \/><figcaption>Rose am Driesch<\/figcaption><\/figure><\/li><li class=\"blocks-gallery-item\"><figure><img loading=\"lazy\" decoding=\"async\" width=\"1024\" height=\"683\" src=\"http:\/\/ferienhaus-dicke-hecke.de\/wp-content\/uploads\/2019\/01\/IMG_0208-1024x683.jpg\" alt=\"\" data-id=\"139\" data-link=\"http:\/\/ferienhaus-dicke-hecke.de\/?attachment_id=139\" class=\"wp-image-139\" srcset=\"https:\/\/ferienhaus-vaupel.de\/wp-content\/uploads\/2019\/01\/IMG_0208-1024x683.jpg 1024w, https:\/\/ferienhaus-vaupel.de\/wp-content\/uploads\/2019\/01\/IMG_0208-300x200.jpg 300w, https:\/\/ferienhaus-vaupel.de\/wp-content\/uploads\/2019\/01\/IMG_0208-768x512.jpg 768w\" sizes=\"auto, (max-width: 767px) 89vw, (max-width: 1000px) 54vw, (max-width: 1071px) 543px, 580px\" \/><figcaption>Kapellchen am Weg von B\u00f6dingen nach Loch Halberg<\/figcaption><\/figure><\/li><li class=\"blocks-gallery-item\"><figure><img loading=\"lazy\" decoding=\"async\" width=\"1024\" height=\"683\" src=\"http:\/\/ferienhaus-dicke-hecke.de\/wp-content\/uploads\/2019\/01\/IMG_6957-1024x683.jpg\" alt=\"\" data-id=\"144\" data-link=\"http:\/\/ferienhaus-dicke-hecke.de\/?attachment_id=144\" class=\"wp-image-144\" srcset=\"https:\/\/ferienhaus-vaupel.de\/wp-content\/uploads\/2019\/01\/IMG_6957-1024x683.jpg 1024w, https:\/\/ferienhaus-vaupel.de\/wp-content\/uploads\/2019\/01\/IMG_6957-300x200.jpg 300w, https:\/\/ferienhaus-vaupel.de\/wp-content\/uploads\/2019\/01\/IMG_6957-768x512.jpg 768w\" sizes=\"auto, (max-width: 767px) 89vw, (max-width: 1000px) 54vw, (max-width: 1071px) 543px, 580px\" \/><figcaption>Siegtal und Stadt Blankenberg<\/figcaption><\/figure><\/li><li class=\"blocks-gallery-item\"><figure><img loading=\"lazy\" decoding=\"async\" width=\"1024\" height=\"768\" src=\"http:\/\/ferienhaus-dicke-hecke.de\/wp-content\/uploads\/2019\/01\/PICT2775-1024x768.jpg\" alt=\"\" data-id=\"145\" data-link=\"http:\/\/ferienhaus-dicke-hecke.de\/?attachment_id=145\" class=\"wp-image-145\" srcset=\"https:\/\/ferienhaus-vaupel.de\/wp-content\/uploads\/2019\/01\/PICT2775-1024x768.jpg 1024w, https:\/\/ferienhaus-vaupel.de\/wp-content\/uploads\/2019\/01\/PICT2775-300x225.jpg 300w, https:\/\/ferienhaus-vaupel.de\/wp-content\/uploads\/2019\/01\/PICT2775-768x576.jpg 768w\" sizes=\"auto, (max-width: 767px) 89vw, (max-width: 1000px) 54vw, (max-width: 1071px) 543px, 580px\" \/><figcaption>Siebengebirge vom Silberling aus<\/figcaption><\/figure><\/li><li class=\"blocks-gallery-item\"><figure><img loading=\"lazy\" decoding=\"async\" width=\"1024\" height=\"768\" src=\"http:\/\/ferienhaus-dicke-hecke.de\/wp-content\/uploads\/2019\/01\/hausfotos-1-7-1024x768.jpg\" alt=\"\" data-id=\"187\" data-link=\"http:\/\/ferienhaus-dicke-hecke.de\/?attachment_id=187\" class=\"wp-image-187\" srcset=\"https:\/\/ferienhaus-vaupel.de\/wp-content\/uploads\/2019\/01\/hausfotos-1-7-1024x768.jpg 1024w, https:\/\/ferienhaus-vaupel.de\/wp-content\/uploads\/2019\/01\/hausfotos-1-7-300x225.jpg 300w, https:\/\/ferienhaus-vaupel.de\/wp-content\/uploads\/2019\/01\/hausfotos-1-7-768x576.jpg 768w, https:\/\/ferienhaus-vaupel.de\/wp-content\/uploads\/2019\/01\/hausfotos-1-7.jpg 1200w\" sizes=\"auto, (max-width: 767px) 89vw, (max-width: 1000px) 54vw, (max-width: 1071px) 543px, 580px\" \/><figcaption>Siegstrand<\/figcaption><\/figure><\/li><li class=\"blocks-gallery-item\"><figure><img loading=\"lazy\" decoding=\"async\" width=\"1024\" height=\"683\" src=\"http:\/\/ferienhaus-dicke-hecke.de\/wp-content\/uploads\/2019\/01\/hausfotos-2-3-1024x683.jpg\" alt=\"\" data-id=\"193\" data-link=\"http:\/\/ferienhaus-dicke-hecke.de\/?attachment_id=193\" class=\"wp-image-193\" srcset=\"https:\/\/ferienhaus-vaupel.de\/wp-content\/uploads\/2019\/01\/hausfotos-2-3-1024x683.jpg 1024w, https:\/\/ferienhaus-vaupel.de\/wp-content\/uploads\/2019\/01\/hausfotos-2-3-300x200.jpg 300w, https:\/\/ferienhaus-vaupel.de\/wp-content\/uploads\/2019\/01\/hausfotos-2-3-768x512.jpg 768w, https:\/\/ferienhaus-vaupel.de\/wp-content\/uploads\/2019\/01\/hausfotos-2-3.jpg 1200w\" sizes=\"auto, (max-width: 767px) 89vw, (max-width: 1000px) 54vw, (max-width: 1071px) 543px, 580px\" \/><figcaption>Sieg<\/figcaption><\/figure><\/li><\/ul>\n","protected":false},"excerpt":{"rendered":"<p>Altenb\u00f6dingen liegt auf der ersten Anh\u00f6he, wenn man von Hennef kommt.Hennef ist 5 Minuten mit dem Auto entfernt, Bonn ca. 15 und K\u00f6ln gute 30 Minuten.Gegen\u00fcber des Hauses befindet sich die Bushaltestelle. Auch wenn damit grunds\u00e4tzlich Mobilit\u00e4t gesichert erscheint, ist es im Alltag sicher praktisch, ein Auto zur Verf\u00fcgung zu haben. Auf dem Grundst\u00fcck hinter &hellip; <\/p>\n<p class=\"link-more\"><a href=\"https:\/\/ferienhaus-vaupel.de\/?page_id=34\" class=\"more-link\"><span class=\"screen-reader-text\">\u201eLage\u201c<\/span> weiterlesen<\/a><\/p>\n","protected":false},"author":1,"featured_media":0,"parent":0,"menu_order":0,"comment_status":"closed","ping_status":"closed","template":"","meta":{"footnotes":""},"class_list":["post-34","page","type-page","status-publish","hentry"],"_links":{"self":[{"href":"https:\/\/ferienhaus-vaupel.de\/index.php?rest_route=\/wp\/v2\/pages\/34","targetHints":{"allow":["GET"]}}],"collection":[{"href":"https:\/\/ferienhaus-vaupel.de\/index.php?rest_route=\/wp\/v2\/pages"}],"about":[{"href":"https:\/\/ferienhaus-vaupel.de\/index.php?rest_route=\/wp\/v2\/types\/page"}],"author":[{"embeddable":true,"href":"https:\/\/ferienhaus-vaupel.de\/index.php?rest_route=\/wp\/v2\/users\/1"}],"replies":[{"embeddable":true,"href":"https:\/\/ferienhaus-vaupel.de\/index.php?rest_route=%2Fwp%2Fv2%2Fcomments&post=34"}],"version-history":[{"count":16,"href":"https:\/\/ferienhaus-vaupel.de\/index.php?rest_route=\/wp\/v2\/pages\/34\/revisions"}],"predecessor-version":[{"id":286,"href":"https:\/\/ferienhaus-vaupel.de\/index.php?rest_route=\/wp\/v2\/pages\/34\/revisions\/286"}],"wp:attachment":[{"href":"https:\/\/ferienhaus-vaupel.de\/index.php?rest_route=%2Fwp%2Fv2%2Fmedia&parent=34"}],"curies":[{"name":"wp","href":"https:\/\/api.w.org\/{rel}","templated":true}]}}