{"id":31,"date":"2019-01-21T14:46:20","date_gmt":"2019-01-21T14:46:20","guid":{"rendered":"http:\/\/ferienhaus-dicke-hecke.de\/?page_id=31"},"modified":"2019-01-24T10:01:20","modified_gmt":"2019-01-24T10:01:20","slug":"ausstattung","status":"publish","type":"page","link":"https:\/\/ferienhaus-vaupel.de\/?page_id=31","title":{"rendered":"Ausstattung"},"content":{"rendered":"\n<p>Das Haus hat 100 qm Wohnfl\u00e4che. <br>Der 45 qm gro\u00dfe und bis zu 4,5 m hohe Wohnraum hat eine sehr freundliche Atmosph\u00e4re.<br>Bad und Toilette sind funktional &#8211; die ebenerdige Dusche ist gro\u00dfz\u00fcgig dimensioniert.<br>Zwei der drei Schlafr\u00e4ume sind sehr klein &#8211; das ist dem gro\u00dfen Wohnbereich geschuldet.<br>Die K\u00fcche ist vollst\u00e4ndig eingerichtet mit: Herd, Backofen, K\u00fchl-Gefrierkombination, Toaster, Wasserkocher, Kaffeemaschine, Mixer und vielem anderen mehr &#8211; sowie auch einer Waschmaschine.<br><\/p>\n\n\n\n<ul class=\"wp-block-gallery columns-1 is-cropped wp-block-gallery-1 is-layout-flex wp-block-gallery-is-layout-flex\"><li class=\"blocks-gallery-item\"><figure><img loading=\"lazy\" decoding=\"async\" width=\"1024\" height=\"683\" src=\"http:\/\/ferienhaus-dicke-hecke.de\/wp-content\/uploads\/2019\/01\/dicke-hecke-innen-8-1024x683.jpg\" alt=\"\" data-id=\"79\" data-link=\"http:\/\/ferienhaus-dicke-hecke.de\/?attachment_id=79\" class=\"wp-image-79\" srcset=\"https:\/\/ferienhaus-vaupel.de\/wp-content\/uploads\/2019\/01\/dicke-hecke-innen-8-1024x683.jpg 1024w, https:\/\/ferienhaus-vaupel.de\/wp-content\/uploads\/2019\/01\/dicke-hecke-innen-8-300x200.jpg 300w, https:\/\/ferienhaus-vaupel.de\/wp-content\/uploads\/2019\/01\/dicke-hecke-innen-8-768x512.jpg 768w, https:\/\/ferienhaus-vaupel.de\/wp-content\/uploads\/2019\/01\/dicke-hecke-innen-8.jpg 1200w\" sizes=\"auto, (max-width: 767px) 89vw, (max-width: 1000px) 54vw, (max-width: 1071px) 543px, 580px\" \/><figcaption>Essbereich und Sitzecke<\/figcaption><\/figure><\/li><li class=\"blocks-gallery-item\"><figure><img loading=\"lazy\" decoding=\"async\" width=\"1024\" height=\"683\" src=\"http:\/\/ferienhaus-dicke-hecke.de\/wp-content\/uploads\/2019\/01\/dicke-hecke-innen-6-1024x683.jpg\" alt=\"\" data-id=\"77\" data-link=\"http:\/\/ferienhaus-dicke-hecke.de\/?attachment_id=77\" class=\"wp-image-77\" srcset=\"https:\/\/ferienhaus-vaupel.de\/wp-content\/uploads\/2019\/01\/dicke-hecke-innen-6-1024x683.jpg 1024w, https:\/\/ferienhaus-vaupel.de\/wp-content\/uploads\/2019\/01\/dicke-hecke-innen-6-300x200.jpg 300w, https:\/\/ferienhaus-vaupel.de\/wp-content\/uploads\/2019\/01\/dicke-hecke-innen-6-768x512.jpg 768w, https:\/\/ferienhaus-vaupel.de\/wp-content\/uploads\/2019\/01\/dicke-hecke-innen-6.jpg 1200w\" sizes=\"auto, (max-width: 767px) 89vw, (max-width: 1000px) 54vw, (max-width: 1071px) 543px, 580px\" \/><figcaption>Sitzecke mit TV, Musik, B\u00fcchern, Spielen<\/figcaption><\/figure><\/li><li class=\"blocks-gallery-item\"><figure><img loading=\"lazy\" decoding=\"async\" width=\"1024\" height=\"683\" src=\"http:\/\/ferienhaus-dicke-hecke.de\/wp-content\/uploads\/2019\/01\/dicke-hecke-innen-10-1024x683.jpg\" alt=\"\" data-id=\"81\" data-link=\"http:\/\/ferienhaus-dicke-hecke.de\/?attachment_id=81\" class=\"wp-image-81\" srcset=\"https:\/\/ferienhaus-vaupel.de\/wp-content\/uploads\/2019\/01\/dicke-hecke-innen-10-1024x683.jpg 1024w, https:\/\/ferienhaus-vaupel.de\/wp-content\/uploads\/2019\/01\/dicke-hecke-innen-10-300x200.jpg 300w, https:\/\/ferienhaus-vaupel.de\/wp-content\/uploads\/2019\/01\/dicke-hecke-innen-10-768x512.jpg 768w, https:\/\/ferienhaus-vaupel.de\/wp-content\/uploads\/2019\/01\/dicke-hecke-innen-10.jpg 1200w\" sizes=\"auto, (max-width: 767px) 89vw, (max-width: 1000px) 54vw, (max-width: 1071px) 543px, 580px\" \/><figcaption>Geschirrschrank<\/figcaption><\/figure><\/li><li class=\"blocks-gallery-item\"><figure><img loading=\"lazy\" decoding=\"async\" width=\"1024\" height=\"683\" src=\"http:\/\/ferienhaus-dicke-hecke.de\/wp-content\/uploads\/2019\/01\/dicke-hecke-innen-11-1024x683.jpg\" alt=\"\" data-id=\"71\" data-link=\"http:\/\/ferienhaus-dicke-hecke.de\/?attachment_id=71\" class=\"wp-image-71\" srcset=\"https:\/\/ferienhaus-vaupel.de\/wp-content\/uploads\/2019\/01\/dicke-hecke-innen-11-1024x683.jpg 1024w, https:\/\/ferienhaus-vaupel.de\/wp-content\/uploads\/2019\/01\/dicke-hecke-innen-11-300x200.jpg 300w, https:\/\/ferienhaus-vaupel.de\/wp-content\/uploads\/2019\/01\/dicke-hecke-innen-11-768x512.jpg 768w, https:\/\/ferienhaus-vaupel.de\/wp-content\/uploads\/2019\/01\/dicke-hecke-innen-11.jpg 1200w\" sizes=\"auto, (max-width: 767px) 89vw, (max-width: 1000px) 54vw, (max-width: 1071px) 543px, 580px\" \/><figcaption>Gro\u00dfes Schlafzimmer<\/figcaption><\/figure><\/li><li class=\"blocks-gallery-item\"><figure><img loading=\"lazy\" decoding=\"async\" width=\"1024\" height=\"683\" src=\"http:\/\/ferienhaus-dicke-hecke.de\/wp-content\/uploads\/2019\/01\/dicke-hecke-innen-2-1024x683.jpg\" alt=\"\" data-id=\"73\" data-link=\"http:\/\/ferienhaus-dicke-hecke.de\/?attachment_id=73\" class=\"wp-image-73\" srcset=\"https:\/\/ferienhaus-vaupel.de\/wp-content\/uploads\/2019\/01\/dicke-hecke-innen-2-1024x683.jpg 1024w, https:\/\/ferienhaus-vaupel.de\/wp-content\/uploads\/2019\/01\/dicke-hecke-innen-2-300x200.jpg 300w, https:\/\/ferienhaus-vaupel.de\/wp-content\/uploads\/2019\/01\/dicke-hecke-innen-2-768x512.jpg 768w, https:\/\/ferienhaus-vaupel.de\/wp-content\/uploads\/2019\/01\/dicke-hecke-innen-2.jpg 1200w\" sizes=\"auto, (max-width: 767px) 89vw, (max-width: 1000px) 54vw, (max-width: 1071px) 543px, 580px\" \/><figcaption>Kleines Schlafzimmer links<\/figcaption><\/figure><\/li><li class=\"blocks-gallery-item\"><figure><img loading=\"lazy\" decoding=\"async\" width=\"1024\" height=\"683\" src=\"http:\/\/ferienhaus-dicke-hecke.de\/wp-content\/uploads\/2019\/01\/dicke-hecke-innen-4-1024x683.jpg\" alt=\"\" data-id=\"75\" data-link=\"http:\/\/ferienhaus-dicke-hecke.de\/?attachment_id=75\" class=\"wp-image-75\" srcset=\"https:\/\/ferienhaus-vaupel.de\/wp-content\/uploads\/2019\/01\/dicke-hecke-innen-4-1024x683.jpg 1024w, https:\/\/ferienhaus-vaupel.de\/wp-content\/uploads\/2019\/01\/dicke-hecke-innen-4-300x200.jpg 300w, https:\/\/ferienhaus-vaupel.de\/wp-content\/uploads\/2019\/01\/dicke-hecke-innen-4-768x512.jpg 768w, https:\/\/ferienhaus-vaupel.de\/wp-content\/uploads\/2019\/01\/dicke-hecke-innen-4.jpg 1200w\" sizes=\"auto, (max-width: 767px) 89vw, (max-width: 1000px) 54vw, (max-width: 1071px) 543px, 580px\" \/><figcaption>Kleines Schlafzimmer rechts<\/figcaption><\/figure><\/li><li class=\"blocks-gallery-item\"><figure><img loading=\"lazy\" decoding=\"async\" width=\"1024\" height=\"683\" src=\"http:\/\/ferienhaus-dicke-hecke.de\/wp-content\/uploads\/2019\/01\/dicke-hecke-innen-1-1024x683.jpg\" alt=\"\" data-id=\"72\" data-link=\"http:\/\/ferienhaus-dicke-hecke.de\/?attachment_id=72\" class=\"wp-image-72\" srcset=\"https:\/\/ferienhaus-vaupel.de\/wp-content\/uploads\/2019\/01\/dicke-hecke-innen-1-1024x683.jpg 1024w, https:\/\/ferienhaus-vaupel.de\/wp-content\/uploads\/2019\/01\/dicke-hecke-innen-1-300x200.jpg 300w, https:\/\/ferienhaus-vaupel.de\/wp-content\/uploads\/2019\/01\/dicke-hecke-innen-1-768x512.jpg 768w, https:\/\/ferienhaus-vaupel.de\/wp-content\/uploads\/2019\/01\/dicke-hecke-innen-1.jpg 1200w\" sizes=\"auto, (max-width: 767px) 89vw, (max-width: 1000px) 54vw, (max-width: 1071px) 543px, 580px\" \/><figcaption>K\u00fcche mit Geschirrsp\u00fcler und Waschmaschine<\/figcaption><\/figure><\/li><li class=\"blocks-gallery-item\"><figure><img loading=\"lazy\" decoding=\"async\" width=\"1024\" height=\"683\" src=\"http:\/\/ferienhaus-dicke-hecke.de\/wp-content\/uploads\/2019\/01\/dicke-hecke-innen-3-1024x683.jpg\" alt=\"\" data-id=\"74\" data-link=\"http:\/\/ferienhaus-dicke-hecke.de\/?attachment_id=74\" class=\"wp-image-74\" srcset=\"https:\/\/ferienhaus-vaupel.de\/wp-content\/uploads\/2019\/01\/dicke-hecke-innen-3-1024x683.jpg 1024w, https:\/\/ferienhaus-vaupel.de\/wp-content\/uploads\/2019\/01\/dicke-hecke-innen-3-300x200.jpg 300w, https:\/\/ferienhaus-vaupel.de\/wp-content\/uploads\/2019\/01\/dicke-hecke-innen-3-768x512.jpg 768w, https:\/\/ferienhaus-vaupel.de\/wp-content\/uploads\/2019\/01\/dicke-hecke-innen-3.jpg 1200w\" sizes=\"auto, (max-width: 767px) 89vw, (max-width: 1000px) 54vw, (max-width: 1071px) 543px, 580px\" \/><figcaption>Waschtisch in Toilette<\/figcaption><\/figure><\/li><li class=\"blocks-gallery-item\"><figure><img loading=\"lazy\" decoding=\"async\" width=\"1024\" height=\"683\" src=\"http:\/\/ferienhaus-dicke-hecke.de\/wp-content\/uploads\/2019\/01\/dicke-hecke-innen-5-1024x683.jpg\" alt=\"\" data-id=\"76\" data-link=\"http:\/\/ferienhaus-dicke-hecke.de\/?attachment_id=76\" class=\"wp-image-76\" srcset=\"https:\/\/ferienhaus-vaupel.de\/wp-content\/uploads\/2019\/01\/dicke-hecke-innen-5-1024x683.jpg 1024w, https:\/\/ferienhaus-vaupel.de\/wp-content\/uploads\/2019\/01\/dicke-hecke-innen-5-300x200.jpg 300w, https:\/\/ferienhaus-vaupel.de\/wp-content\/uploads\/2019\/01\/dicke-hecke-innen-5-768x512.jpg 768w, https:\/\/ferienhaus-vaupel.de\/wp-content\/uploads\/2019\/01\/dicke-hecke-innen-5.jpg 1200w\" sizes=\"auto, (max-width: 767px) 89vw, (max-width: 1000px) 54vw, (max-width: 1071px) 543px, 580px\" \/><figcaption>Waschtisch Dusche<\/figcaption><\/figure><\/li><li class=\"blocks-gallery-item\"><figure><img loading=\"lazy\" decoding=\"async\" width=\"1024\" height=\"683\" src=\"http:\/\/ferienhaus-dicke-hecke.de\/wp-content\/uploads\/2019\/01\/hausfotos-3-1-1024x683.jpg\" alt=\"\" data-id=\"245\" data-link=\"http:\/\/ferienhaus-dicke-hecke.de\/?attachment_id=245\" class=\"wp-image-245\" srcset=\"https:\/\/ferienhaus-vaupel.de\/wp-content\/uploads\/2019\/01\/hausfotos-3-1-1024x683.jpg 1024w, https:\/\/ferienhaus-vaupel.de\/wp-content\/uploads\/2019\/01\/hausfotos-3-1-300x200.jpg 300w, https:\/\/ferienhaus-vaupel.de\/wp-content\/uploads\/2019\/01\/hausfotos-3-1-768x512.jpg 768w, https:\/\/ferienhaus-vaupel.de\/wp-content\/uploads\/2019\/01\/hausfotos-3-1.jpg 1200w\" sizes=\"auto, (max-width: 767px) 89vw, (max-width: 1000px) 54vw, (max-width: 1071px) 543px, 580px\" \/><figcaption>Dusche<\/figcaption><\/figure><\/li><\/ul>\n\n\n\n<p><br><\/p>\n\n\n\n<p><br><\/p>\n\n\n\n<p><br><\/p>\n\n\n\n<p><br><\/p>\n","protected":false},"excerpt":{"rendered":"<p>Das Haus hat 100 qm Wohnfl\u00e4che. Der 45 qm gro\u00dfe und bis zu 4,5 m hohe Wohnraum hat eine sehr freundliche Atmosph\u00e4re.Bad und Toilette sind funktional &#8211; die ebenerdige Dusche ist gro\u00dfz\u00fcgig dimensioniert.Zwei der drei Schlafr\u00e4ume sind sehr klein &#8211; das ist dem gro\u00dfen Wohnbereich geschuldet.Die K\u00fcche ist vollst\u00e4ndig eingerichtet mit: Herd, Backofen, K\u00fchl-Gefrierkombination, Toaster, &hellip; <\/p>\n<p class=\"link-more\"><a href=\"https:\/\/ferienhaus-vaupel.de\/?page_id=31\" class=\"more-link\"><span class=\"screen-reader-text\">\u201eAusstattung\u201c<\/span> weiterlesen<\/a><\/p>\n","protected":false},"author":1,"featured_media":0,"parent":0,"menu_order":0,"comment_status":"closed","ping_status":"closed","template":"","meta":{"footnotes":""},"class_list":["post-31","page","type-page","status-publish","hentry"],"_links":{"self":[{"href":"https:\/\/ferienhaus-vaupel.de\/index.php?rest_route=\/wp\/v2\/pages\/31","targetHints":{"allow":["GET"]}}],"collection":[{"href":"https:\/\/ferienhaus-vaupel.de\/index.php?rest_route=\/wp\/v2\/pages"}],"about":[{"href":"https:\/\/ferienhaus-vaupel.de\/index.php?rest_route=\/wp\/v2\/types\/page"}],"author":[{"embeddable":true,"href":"https:\/\/ferienhaus-vaupel.de\/index.php?rest_route=\/wp\/v2\/users\/1"}],"replies":[{"embeddable":true,"href":"https:\/\/ferienhaus-vaupel.de\/index.php?rest_route=%2Fwp%2Fv2%2Fcomments&post=31"}],"version-history":[{"count":11,"href":"https:\/\/ferienhaus-vaupel.de\/index.php?rest_route=\/wp\/v2\/pages\/31\/revisions"}],"predecessor-version":[{"id":283,"href":"https:\/\/ferienhaus-vaupel.de\/index.php?rest_route=\/wp\/v2\/pages\/31\/revisions\/283"}],"wp:attachment":[{"href":"https:\/\/ferienhaus-vaupel.de\/index.php?rest_route=%2Fwp%2Fv2%2Fmedia&parent=31"}],"curies":[{"name":"wp","href":"https:\/\/api.w.org\/{rel}","templated":true}]}}