{"id":25,"date":"2019-01-21T14:44:45","date_gmt":"2019-01-21T14:44:45","guid":{"rendered":"http:\/\/ferienhaus-dicke-hecke.de\/?page_id=25"},"modified":"2025-09-13T08:29:30","modified_gmt":"2025-09-13T08:29:30","slug":"mietpreise","status":"publish","type":"page","link":"https:\/\/ferienhaus-vaupel.de\/?page_id=25","title":{"rendered":"Preis"},"content":{"rendered":"\n<p>Das Haus hat drei Schlafzimmer: zwei kleine f\u00fcr jeweils eine Person und ein gr\u00f6\u00dferes f\u00fcr zwei Personen. <\/p>\n\n\n\n<p>Aus organisatorischen Gr\u00fcnden k\u00f6nnen wir nur Buchungsw\u00fcnsche f\u00fcr mindestens 2 Wochen annehmen.<\/p>\n\n\n\n<p>Der Preis f\u00fcr bis zu vier Personen f\u00fcr eine Woche betr\u00e4gt 750,- \u20ac. Bei mehreren Wochen sind Rabatte m\u00f6glich.<\/p>\n","protected":false},"excerpt":{"rendered":"<p>Das Haus hat drei Schlafzimmer: zwei kleine f\u00fcr jeweils eine Person und ein gr\u00f6\u00dferes f\u00fcr zwei Personen. Aus organisatorischen Gr\u00fcnden k\u00f6nnen wir nur Buchungsw\u00fcnsche f\u00fcr mindestens 2 Wochen annehmen. Der Preis f\u00fcr bis zu vier Personen f\u00fcr eine Woche betr\u00e4gt 750,- \u20ac. Bei mehreren Wochen sind Rabatte m\u00f6glich.<\/p>\n","protected":false},"author":1,"featured_media":0,"parent":0,"menu_order":0,"comment_status":"closed","ping_status":"closed","template":"","meta":{"footnotes":""},"class_list":["post-25","page","type-page","status-publish","hentry"],"_links":{"self":[{"href":"https:\/\/ferienhaus-vaupel.de\/index.php?rest_route=\/wp\/v2\/pages\/25","targetHints":{"allow":["GET"]}}],"collection":[{"href":"https:\/\/ferienhaus-vaupel.de\/index.php?rest_route=\/wp\/v2\/pages"}],"about":[{"href":"https:\/\/ferienhaus-vaupel.de\/index.php?rest_route=\/wp\/v2\/types\/page"}],"author":[{"embeddable":true,"href":"https:\/\/ferienhaus-vaupel.de\/index.php?rest_route=\/wp\/v2\/users\/1"}],"replies":[{"embeddable":true,"href":"https:\/\/ferienhaus-vaupel.de\/index.php?rest_route=%2Fwp%2Fv2%2Fcomments&post=25"}],"version-history":[{"count":14,"href":"https:\/\/ferienhaus-vaupel.de\/index.php?rest_route=\/wp\/v2\/pages\/25\/revisions"}],"predecessor-version":[{"id":360,"href":"https:\/\/ferienhaus-vaupel.de\/index.php?rest_route=\/wp\/v2\/pages\/25\/revisions\/360"}],"wp:attachment":[{"href":"https:\/\/ferienhaus-vaupel.de\/index.php?rest_route=%2Fwp%2Fv2%2Fmedia&parent=25"}],"curies":[{"name":"wp","href":"https:\/\/api.w.org\/{rel}","templated":true}]}}