{"id":256,"date":"2019-01-23T09:51:05","date_gmt":"2019-01-23T09:51:05","guid":{"rendered":"http:\/\/ferienhaus-dicke-hecke.de\/?page_id=256"},"modified":"2019-03-11T09:53:54","modified_gmt":"2019-03-11T09:53:54","slug":"boedingen","status":"publish","type":"page","link":"http:\/\/ferienhaus-vaupel.de\/?page_id=256","title":{"rendered":"B\u00f6dingen"},"content":{"rendered":"\n<p>Altenb\u00f6dingen und B\u00f6dingen geh\u00f6ren zusammen &#8211; in Altenb\u00f6dingen befindet sich unser Ferienhaus, B\u00f6dingen ist ein Wallfahrtsort mit Marienkirche und historischem Dorfkern.<\/p>\n\n\n\n<p>B\u00f6dingen ist ein ehemaliger Wallfahrtsort auf dem Nutscheid zwischen Br\u00f6l- und Siegtal. Ausgedehnte W\u00e4lder und die Fl\u00fcsse laden zu vielf\u00e4ltigen Freizeitaktivit\u00e4ten ein.<br>S\u00fcdlich flie\u00dft die eher sonnige, w\u00e4rmere Sieg, im Norden die eher dunklere und k\u00fchlere Br\u00f6l &#8211; beide Fl\u00fcsse eignen sich im Sommer sehr zum Baden und ansonsten zum Wandern. Der Nutscheid ist ein gro\u00dfes zusammenh\u00e4ngendes Waldgebiet, das zusammen mit den beiden T\u00e4lern ein ideales Wander- und Radfahrgebiet ist.<\/p>\n\n\n\n<p>Wir sind nat\u00fcrlich Mitglied im Heimatverein: <a href=\"https:\/\/www.heimatverein-boedingen.de\/\">www.heimatverein-boedingen.de<\/a><\/p>\n\n\n\n<ul class=\"wp-block-gallery columns-1 is-cropped wp-block-gallery-1 is-layout-flex wp-block-gallery-is-layout-flex\"><li class=\"blocks-gallery-item\"><figure><img loading=\"lazy\" decoding=\"async\" width=\"1024\" height=\"768\" src=\"http:\/\/ferienhaus-dicke-hecke.de\/wp-content\/uploads\/2019\/01\/2015-05-17-11.32.59-1024x768.jpg\" alt=\"\" data-id=\"146\" data-link=\"http:\/\/ferienhaus-dicke-hecke.de\/?attachment_id=146\" class=\"wp-image-146\" srcset=\"http:\/\/ferienhaus-vaupel.de\/wp-content\/uploads\/2019\/01\/2015-05-17-11.32.59-1024x768.jpg 1024w, http:\/\/ferienhaus-vaupel.de\/wp-content\/uploads\/2019\/01\/2015-05-17-11.32.59-300x225.jpg 300w, http:\/\/ferienhaus-vaupel.de\/wp-content\/uploads\/2019\/01\/2015-05-17-11.32.59-768x576.jpg 768w\" sizes=\"auto, (max-width: 767px) 89vw, (max-width: 1000px) 54vw, (max-width: 1071px) 543px, 580px\" \/><figcaption>Marienkirche<\/figcaption><\/figure><\/li><li class=\"blocks-gallery-item\"><figure><img loading=\"lazy\" decoding=\"async\" width=\"1024\" height=\"683\" src=\"http:\/\/ferienhaus-dicke-hecke.de\/wp-content\/uploads\/2019\/01\/hausfotos-1-5-1024x683.jpg\" alt=\"\" data-id=\"185\" data-link=\"http:\/\/ferienhaus-dicke-hecke.de\/?attachment_id=185\" class=\"wp-image-185\" srcset=\"http:\/\/ferienhaus-vaupel.de\/wp-content\/uploads\/2019\/01\/hausfotos-1-5-1024x683.jpg 1024w, http:\/\/ferienhaus-vaupel.de\/wp-content\/uploads\/2019\/01\/hausfotos-1-5-300x200.jpg 300w, http:\/\/ferienhaus-vaupel.de\/wp-content\/uploads\/2019\/01\/hausfotos-1-5-768x512.jpg 768w, http:\/\/ferienhaus-vaupel.de\/wp-content\/uploads\/2019\/01\/hausfotos-1-5.jpg 1200w\" sizes=\"auto, (max-width: 767px) 89vw, (max-width: 1000px) 54vw, (max-width: 1071px) 543px, 580px\" \/><figcaption>Klostergarten<\/figcaption><\/figure><\/li><\/ul>\n\n\n\n<p>Weitere Informationen zu B\u00f6dingen und Freizeitangeboten finden Sie hier: <a href=\"http:\/\/www.hennef-boedingen.de\/Aufenthalt.htm\">http:\/\/www.hennef-boedingen.de\/Aufenthalt.htm<\/a><\/p>\n","protected":false},"excerpt":{"rendered":"<p>Altenb\u00f6dingen und B\u00f6dingen geh\u00f6ren zusammen &#8211; in Altenb\u00f6dingen befindet sich unser Ferienhaus, B\u00f6dingen ist ein Wallfahrtsort mit Marienkirche und historischem Dorfkern. B\u00f6dingen ist ein ehemaliger Wallfahrtsort auf dem Nutscheid zwischen Br\u00f6l- und Siegtal. Ausgedehnte W\u00e4lder und die Fl\u00fcsse laden zu vielf\u00e4ltigen Freizeitaktivit\u00e4ten ein.S\u00fcdlich flie\u00dft die eher sonnige, w\u00e4rmere Sieg, im Norden die eher dunklere und &hellip; <\/p>\n<p class=\"link-more\"><a href=\"http:\/\/ferienhaus-vaupel.de\/?page_id=256\" class=\"more-link\"><span class=\"screen-reader-text\">\u201eB\u00f6dingen\u201c<\/span> weiterlesen<\/a><\/p>\n","protected":false},"author":1,"featured_media":0,"parent":0,"menu_order":0,"comment_status":"closed","ping_status":"closed","template":"","meta":{"footnotes":""},"class_list":["post-256","page","type-page","status-publish","hentry"],"_links":{"self":[{"href":"http:\/\/ferienhaus-vaupel.de\/index.php?rest_route=\/wp\/v2\/pages\/256","targetHints":{"allow":["GET"]}}],"collection":[{"href":"http:\/\/ferienhaus-vaupel.de\/index.php?rest_route=\/wp\/v2\/pages"}],"about":[{"href":"http:\/\/ferienhaus-vaupel.de\/index.php?rest_route=\/wp\/v2\/types\/page"}],"author":[{"embeddable":true,"href":"http:\/\/ferienhaus-vaupel.de\/index.php?rest_route=\/wp\/v2\/users\/1"}],"replies":[{"embeddable":true,"href":"http:\/\/ferienhaus-vaupel.de\/index.php?rest_route=%2Fwp%2Fv2%2Fcomments&post=256"}],"version-history":[{"count":5,"href":"http:\/\/ferienhaus-vaupel.de\/index.php?rest_route=\/wp\/v2\/pages\/256\/revisions"}],"predecessor-version":[{"id":314,"href":"http:\/\/ferienhaus-vaupel.de\/index.php?rest_route=\/wp\/v2\/pages\/256\/revisions\/314"}],"wp:attachment":[{"href":"http:\/\/ferienhaus-vaupel.de\/index.php?rest_route=%2Fwp%2Fv2%2Fmedia&parent=256"}],"curies":[{"name":"wp","href":"https:\/\/api.w.org\/{rel}","templated":true}]}}