{"id":22,"date":"2019-01-21T14:14:21","date_gmt":"2019-01-21T14:14:21","guid":{"rendered":"http:\/\/ferienhaus-dicke-hecke.de\/?page_id=22"},"modified":"2019-03-26T15:15:20","modified_gmt":"2019-03-26T15:15:20","slug":"ferienhaus-dicke-hecke","status":"publish","type":"page","link":"http:\/\/ferienhaus-vaupel.de\/?page_id=22","title":{"rendered":"Haus"},"content":{"rendered":"\n<p>Das Ferienhaus Vaupel steht frei auf einem gro\u00dfen Grundst\u00fcck. Das Haus hat 100 qm Wohnfl\u00e4che, der Garten so um die 1500 qm.<\/p>\n\n\n\n<p>Das Haus ist ein Wohn-Erlebnis, der Garten erholsam und anregend, die Gegend sch\u00f6n und die Nachbarn sind freundlich und hilfsbereit. In der nahen Umgebung (nicht im Dorf) finden Sie alles, was Sie brauchen: Gesch\u00e4fte, Kirchen, Museen, Kinos &#8230; Und wenn Sie Bonn und K\u00f6ln im Radius von einer guten halben Auto- oder Bahnstunde entdecken wollen, ist Ihre Zeit in der Dicken Hecke mit Sicherheit zu kurz!<br><\/p>\n\n\n\n<ul class=\"wp-block-gallery columns-1 is-cropped wp-block-gallery-1 is-layout-flex wp-block-gallery-is-layout-flex\"><li class=\"blocks-gallery-item\"><figure><img loading=\"lazy\" decoding=\"async\" width=\"1024\" height=\"683\" src=\"http:\/\/ferienhaus-dicke-hecke.de\/wp-content\/uploads\/2019\/01\/IMG_6938-1024x683.jpg\" alt=\"\" data-id=\"141\" data-link=\"http:\/\/ferienhaus-dicke-hecke.de\/?attachment_id=141\" class=\"wp-image-141\" srcset=\"http:\/\/ferienhaus-vaupel.de\/wp-content\/uploads\/2019\/01\/IMG_6938-1024x683.jpg 1024w, http:\/\/ferienhaus-vaupel.de\/wp-content\/uploads\/2019\/01\/IMG_6938-300x200.jpg 300w, http:\/\/ferienhaus-vaupel.de\/wp-content\/uploads\/2019\/01\/IMG_6938-768x512.jpg 768w\" sizes=\"auto, (max-width: 767px) 89vw, (max-width: 1000px) 54vw, (max-width: 1071px) 543px, 580px\" \/><figcaption>Naturbelassene L\u00e4rchenholzverkleidung<\/figcaption><\/figure><\/li><li class=\"blocks-gallery-item\"><figure><img loading=\"lazy\" decoding=\"async\" width=\"1024\" height=\"683\" src=\"http:\/\/ferienhaus-dicke-hecke.de\/wp-content\/uploads\/2019\/01\/IMG_6932-1024x683.jpg\" alt=\"\" data-id=\"4\" data-link=\"http:\/\/ferienhaus-dicke-hecke.de\/?attachment_id=4\" class=\"wp-image-4\" srcset=\"http:\/\/ferienhaus-vaupel.de\/wp-content\/uploads\/2019\/01\/IMG_6932-1024x683.jpg 1024w, http:\/\/ferienhaus-vaupel.de\/wp-content\/uploads\/2019\/01\/IMG_6932-300x200.jpg 300w, http:\/\/ferienhaus-vaupel.de\/wp-content\/uploads\/2019\/01\/IMG_6932-768x512.jpg 768w\" sizes=\"auto, (max-width: 767px) 89vw, (max-width: 1000px) 54vw, (max-width: 1071px) 543px, 580px\" \/><figcaption>Nordseite<\/figcaption><\/figure><\/li><li class=\"blocks-gallery-item\"><figure><img loading=\"lazy\" decoding=\"async\" width=\"1024\" height=\"683\" src=\"http:\/\/ferienhaus-dicke-hecke.de\/wp-content\/uploads\/2019\/01\/dicke-hecke-innen-9-1024x683.jpg\" alt=\"\" data-id=\"80\" data-link=\"http:\/\/ferienhaus-dicke-hecke.de\/?attachment_id=80\" class=\"wp-image-80\" srcset=\"http:\/\/ferienhaus-vaupel.de\/wp-content\/uploads\/2019\/01\/dicke-hecke-innen-9-1024x683.jpg 1024w, http:\/\/ferienhaus-vaupel.de\/wp-content\/uploads\/2019\/01\/dicke-hecke-innen-9-300x200.jpg 300w, http:\/\/ferienhaus-vaupel.de\/wp-content\/uploads\/2019\/01\/dicke-hecke-innen-9-768x512.jpg 768w, http:\/\/ferienhaus-vaupel.de\/wp-content\/uploads\/2019\/01\/dicke-hecke-innen-9.jpg 1200w\" sizes=\"auto, (max-width: 767px) 89vw, (max-width: 1000px) 54vw, (max-width: 1071px) 543px, 580px\" \/><figcaption>Essbereich mit Blick auf Garten<\/figcaption><\/figure><\/li><li class=\"blocks-gallery-item\"><figure><img loading=\"lazy\" decoding=\"async\" width=\"1024\" height=\"683\" src=\"http:\/\/ferienhaus-dicke-hecke.de\/wp-content\/uploads\/2019\/01\/dicke-hecke-innen-7-1024x683.jpg\" alt=\"\" data-id=\"78\" data-link=\"http:\/\/ferienhaus-dicke-hecke.de\/?attachment_id=78\" class=\"wp-image-78\" srcset=\"http:\/\/ferienhaus-vaupel.de\/wp-content\/uploads\/2019\/01\/dicke-hecke-innen-7-1024x683.jpg 1024w, http:\/\/ferienhaus-vaupel.de\/wp-content\/uploads\/2019\/01\/dicke-hecke-innen-7-300x200.jpg 300w, http:\/\/ferienhaus-vaupel.de\/wp-content\/uploads\/2019\/01\/dicke-hecke-innen-7-768x512.jpg 768w, http:\/\/ferienhaus-vaupel.de\/wp-content\/uploads\/2019\/01\/dicke-hecke-innen-7.jpg 1200w\" sizes=\"auto, (max-width: 767px) 89vw, (max-width: 1000px) 54vw, (max-width: 1071px) 543px, 580px\" \/><figcaption>Essbereich im Wohnzimmer<\/figcaption><\/figure><\/li><li class=\"blocks-gallery-item\"><figure><img loading=\"lazy\" decoding=\"async\" width=\"1024\" height=\"768\" src=\"http:\/\/ferienhaus-dicke-hecke.de\/wp-content\/uploads\/2019\/01\/2015-07-26-12.42.09-1024x768.jpg\" alt=\"\" data-id=\"149\" data-link=\"http:\/\/ferienhaus-dicke-hecke.de\/?attachment_id=149\" class=\"wp-image-149\" srcset=\"http:\/\/ferienhaus-vaupel.de\/wp-content\/uploads\/2019\/01\/2015-07-26-12.42.09-1024x768.jpg 1024w, http:\/\/ferienhaus-vaupel.de\/wp-content\/uploads\/2019\/01\/2015-07-26-12.42.09-300x225.jpg 300w, http:\/\/ferienhaus-vaupel.de\/wp-content\/uploads\/2019\/01\/2015-07-26-12.42.09-768x576.jpg 768w\" sizes=\"auto, (max-width: 767px) 89vw, (max-width: 1000px) 54vw, (max-width: 1071px) 543px, 580px\" \/><figcaption>Garten mit Teich<\/figcaption><\/figure><\/li><li class=\"blocks-gallery-item\"><figure><img loading=\"lazy\" decoding=\"async\" width=\"1024\" height=\"768\" src=\"http:\/\/ferienhaus-dicke-hecke.de\/wp-content\/uploads\/2019\/01\/hausfotos-3-5-1024x768.jpg\" alt=\"\" data-id=\"202\" data-link=\"http:\/\/ferienhaus-dicke-hecke.de\/?attachment_id=202\" class=\"wp-image-202\" srcset=\"http:\/\/ferienhaus-vaupel.de\/wp-content\/uploads\/2019\/01\/hausfotos-3-5-1024x768.jpg 1024w, http:\/\/ferienhaus-vaupel.de\/wp-content\/uploads\/2019\/01\/hausfotos-3-5-300x225.jpg 300w, http:\/\/ferienhaus-vaupel.de\/wp-content\/uploads\/2019\/01\/hausfotos-3-5-768x576.jpg 768w, http:\/\/ferienhaus-vaupel.de\/wp-content\/uploads\/2019\/01\/hausfotos-3-5.jpg 1200w\" sizes=\"auto, (max-width: 767px) 89vw, (max-width: 1000px) 54vw, (max-width: 1071px) 543px, 580px\" \/><figcaption>Teichrose<\/figcaption><\/figure><\/li><li class=\"blocks-gallery-item\"><figure><img loading=\"lazy\" decoding=\"async\" width=\"1024\" height=\"768\" src=\"http:\/\/ferienhaus-dicke-hecke.de\/wp-content\/uploads\/2019\/01\/2015-07-20-21.17.23-1024x768.jpg\" alt=\"\" data-id=\"148\" data-link=\"http:\/\/ferienhaus-dicke-hecke.de\/?attachment_id=148\" class=\"wp-image-148\" srcset=\"http:\/\/ferienhaus-vaupel.de\/wp-content\/uploads\/2019\/01\/2015-07-20-21.17.23-1024x768.jpg 1024w, http:\/\/ferienhaus-vaupel.de\/wp-content\/uploads\/2019\/01\/2015-07-20-21.17.23-300x225.jpg 300w, http:\/\/ferienhaus-vaupel.de\/wp-content\/uploads\/2019\/01\/2015-07-20-21.17.23-768x576.jpg 768w\" sizes=\"auto, (max-width: 767px) 89vw, (max-width: 1000px) 54vw, (max-width: 1071px) 543px, 580px\" \/><figcaption>Am unteren Ende des Gartens<\/figcaption><\/figure><\/li><li class=\"blocks-gallery-item\"><figure><img loading=\"lazy\" decoding=\"async\" width=\"1024\" height=\"768\" src=\"http:\/\/ferienhaus-dicke-hecke.de\/wp-content\/uploads\/2019\/01\/2015-06-28-16.18.38-1024x768.jpg\" alt=\"\" data-id=\"147\" data-link=\"http:\/\/ferienhaus-dicke-hecke.de\/?attachment_id=147\" class=\"wp-image-147\" srcset=\"http:\/\/ferienhaus-vaupel.de\/wp-content\/uploads\/2019\/01\/2015-06-28-16.18.38-1024x768.jpg 1024w, http:\/\/ferienhaus-vaupel.de\/wp-content\/uploads\/2019\/01\/2015-06-28-16.18.38-300x225.jpg 300w, http:\/\/ferienhaus-vaupel.de\/wp-content\/uploads\/2019\/01\/2015-06-28-16.18.38-768x576.jpg 768w\" sizes=\"auto, (max-width: 767px) 89vw, (max-width: 1000px) 54vw, (max-width: 1071px) 543px, 580px\" \/><figcaption>S\u00fcdterrasse<\/figcaption><\/figure><\/li><li class=\"blocks-gallery-item\"><figure><img loading=\"lazy\" decoding=\"async\" width=\"1024\" height=\"683\" src=\"http:\/\/ferienhaus-dicke-hecke.de\/wp-content\/uploads\/2019\/01\/hausfotos-1-3-1024x683.jpg\" alt=\"\" data-id=\"183\" data-link=\"http:\/\/ferienhaus-dicke-hecke.de\/?attachment_id=183\" class=\"wp-image-183\" srcset=\"http:\/\/ferienhaus-vaupel.de\/wp-content\/uploads\/2019\/01\/hausfotos-1-3-1024x683.jpg 1024w, http:\/\/ferienhaus-vaupel.de\/wp-content\/uploads\/2019\/01\/hausfotos-1-3-300x200.jpg 300w, http:\/\/ferienhaus-vaupel.de\/wp-content\/uploads\/2019\/01\/hausfotos-1-3-768x512.jpg 768w, http:\/\/ferienhaus-vaupel.de\/wp-content\/uploads\/2019\/01\/hausfotos-1-3.jpg 1200w\" sizes=\"auto, (max-width: 767px) 89vw, (max-width: 1000px) 54vw, (max-width: 1071px) 543px, 580px\" \/><figcaption>Beet vor dem Haus<\/figcaption><\/figure><\/li><\/ul>\n","protected":false},"excerpt":{"rendered":"<p>Das Ferienhaus Vaupel steht frei auf einem gro\u00dfen Grundst\u00fcck. Das Haus hat 100 qm Wohnfl\u00e4che, der Garten so um die 1500 qm. Das Haus ist ein Wohn-Erlebnis, der Garten erholsam und anregend, die Gegend sch\u00f6n und die Nachbarn sind freundlich und hilfsbereit. In der nahen Umgebung (nicht im Dorf) finden Sie alles, was Sie brauchen: &hellip; <\/p>\n<p class=\"link-more\"><a href=\"http:\/\/ferienhaus-vaupel.de\/?page_id=22\" class=\"more-link\"><span class=\"screen-reader-text\">\u201eHaus\u201c<\/span> weiterlesen<\/a><\/p>\n","protected":false},"author":1,"featured_media":0,"parent":0,"menu_order":0,"comment_status":"closed","ping_status":"closed","template":"","meta":{"footnotes":""},"class_list":["post-22","page","type-page","status-publish","hentry"],"_links":{"self":[{"href":"http:\/\/ferienhaus-vaupel.de\/index.php?rest_route=\/wp\/v2\/pages\/22","targetHints":{"allow":["GET"]}}],"collection":[{"href":"http:\/\/ferienhaus-vaupel.de\/index.php?rest_route=\/wp\/v2\/pages"}],"about":[{"href":"http:\/\/ferienhaus-vaupel.de\/index.php?rest_route=\/wp\/v2\/types\/page"}],"author":[{"embeddable":true,"href":"http:\/\/ferienhaus-vaupel.de\/index.php?rest_route=\/wp\/v2\/users\/1"}],"replies":[{"embeddable":true,"href":"http:\/\/ferienhaus-vaupel.de\/index.php?rest_route=%2Fwp%2Fv2%2Fcomments&post=22"}],"version-history":[{"count":18,"href":"http:\/\/ferienhaus-vaupel.de\/index.php?rest_route=\/wp\/v2\/pages\/22\/revisions"}],"predecessor-version":[{"id":323,"href":"http:\/\/ferienhaus-vaupel.de\/index.php?rest_route=\/wp\/v2\/pages\/22\/revisions\/323"}],"wp:attachment":[{"href":"http:\/\/ferienhaus-vaupel.de\/index.php?rest_route=%2Fwp%2Fv2%2Fmedia&parent=22"}],"curies":[{"name":"wp","href":"https:\/\/api.w.org\/{rel}","templated":true}]}}